{"id":1638,"date":"2021-05-04T13:13:01","date_gmt":"2021-05-04T11:13:01","guid":{"rendered":"https:\/\/garageboat.fr\/?page_id=1638"},"modified":"2021-06-16T18:11:04","modified_gmt":"2021-06-16T16:11:04","slug":"stationnement","status":"publish","type":"page","link":"https:\/\/garageboat.fr\/index.php\/maintenance\/stationnement\/","title":{"rendered":"Stationnement"},"content":{"rendered":"<p>[vc_section css=\u00a0\u00bb.vc_custom_1619752633403{padding-top: 150px !important;background-color: #293035 !important;}\u00a0\u00bb][vc_row content_placement=\u00a0\u00bbbottom\u00a0\u00bb css=\u00a0\u00bb.vc_custom_1575014741811{margin-bottom: 35px !important;}\u00a0\u00bb][vc_column width=\u00a0\u00bb1\/2&Prime;][vc_custom_heading text=\u00a0\u00bbImplant\u00e9 sur le Bassin d\u2019Arcachon<br \/>\nau coeur du port de Larros depuis 2004&Prime; font_container=\u00a0\u00bbtag:div|font_size:20px|text_align:left|color:%23ffffff|line_height:25px\u00a0\u00bb use_theme_fonts=\u00a0\u00bbyes\u00a0\u00bb][vc_empty_space height=\u00a0\u00bb20px\u00a0\u00bb][\/vc_column][vc_column width=\u00a0\u00bb1\/12&Prime;][\/vc_column][vc_column width=\u00a0\u00bb1\/3&Prime;][vc_column_text]<span style=\"color: #b7b7b7;\"> Maintenance &#8211; Motorisation &#8211; Vente Bateaux &amp; Pi\u00e8ces d\u00e9tach\u00e9es &#8211; Neuf &amp; Occasions &#8211; R\u00e9paration &amp; Entretien &#8211; Etude &#8211; Diagnostique &#8211; \u00a0<a class=\"link\" style=\"color: #ffffff;\" href=\"https:\/\/garageboat.fr\/index.php\/maintenance\/\">Nos services<\/a><\/span>[\/vc_column_text][vc_empty_space height=\u00a0\u00bb25px\u00a0\u00bb][\/vc_column][vc_column width=\u00a0\u00bb1\/12&Prime;][\/vc_column][\/vc_row][vc_row][vc_column][vc_wp_custommenu nav_menu=\u00a0\u00bb80&Prime; el_class=\u00a0\u00bbcolumns-5&Prime;][vc_empty_space height=\u00a0\u00bb30px\u00a0\u00bb][\/vc_column][\/vc_row][vc_row row_style=\u00a0\u00bbshape-1&Prime;][vc_column][vc_single_image image=\u00a0\u00bb1266&Prime; img_size=\u00a0\u00bbfull\u00a0\u00bb alignment=\u00a0\u00bbcenter\u00a0\u00bb][\/vc_column][\/vc_row][\/vc_section][vc_section css=\u00a0\u00bb.vc_custom_1576828842517{padding-top: 60px !important;padding-bottom: 20px !important;}\u00a0\u00bb][vc_row][vc_column][vc_custom_heading text=\u00a0\u00bb<strong>Stationnement<\/strong>\u00a0\u00bb font_container=\u00a0\u00bbtag:h2|font_size:64px|text_align:center|line_height:64px\u00a0\u00bb use_theme_fonts=\u00a0\u00bbyes\u00a0\u00bb][vc_empty_space height=\u00a0\u00bb15px\u00a0\u00bb][vc_custom_heading text=\u00a0\u00bbExcogitatum est super his, ut homines quidam ignoti,\u00a0\u00bb font_container=\u00a0\u00bbtag:p|font_size:21px|text_align:center|line_height:26px\u00a0\u00bb use_theme_fonts=\u00a0\u00bbyes\u00a0\u00bb][vc_empty_space height=\u00a0\u00bb70px\u00a0\u00bb][\/vc_column][\/vc_row][vc_row][vc_column width=\u00a0\u00bb1\/2&Prime;][vc_empty_space height=\u00a0\u00bb30px\u00a0\u00bb][\/vc_column][vc_column width=\u00a0\u00bb1\/2&Prime;][vc_wp_text title=\u00a0\u00bbArdeo, mihi credite\u00a0\u00bb]<\/p>\n<p style=\"font-size: 24px; line-height: 30px; text-align: justify; color: #7f7f7f;\">Montius nos tumore inusitato quodam et novo ut rebellis et maiestati recalcitrantes Augustae per haec quae strepit incusat iratus nimirum quod contumacem praefectum, quid rerum ordo postulat ignorare dissimulantem formidine tenus iusserim custodiri.<\/p>\n<p>[\/vc_wp_text][\/vc_column][\/vc_row][\/vc_section][vc_section css=\u00a0\u00bb.vc_custom_1620126466788{margin-top: 80px !important;padding-top: 50px !important;padding-bottom: 50px !important;background-color: #94ffe5 !important;background-position: 0 0 !important;background-repeat: no-repeat !important;}\u00a0\u00bb][vc_row content_placement=\u00a0\u00bbmiddle\u00a0\u00bb css=\u00a0\u00bb.vc_custom_1620126383943{margin-right: 5% !important;margin-bottom: 30px !important;margin-left: 5% !important;padding-top: 120px !important;padding-bottom: 120px !important;background-image: url(https:\/\/garageboat.fr\/wp-content\/uploads\/2021\/05\/mo_5.jpg?id=1623) !important;background-position: center !important;background-repeat: no-repeat !important;background-size: cover !important;}\u00a0\u00bb][vc_column width=\u00a0\u00bb5\/12&Prime; offset=\u00a0\u00bbvc_col-lg-6 vc_hidden-xs\u00a0\u00bb][vc_empty_space height=\u00a0\u00bb350&Prime;][\/vc_column][vc_column width=\u00a0\u00bb7\/12&Prime; offset=\u00a0\u00bbvc_col-lg-5 vc_col-md-6 vc_hidden-xs\u00a0\u00bb]\n\t<div class=\"testimonial \">\n\t\t<div class=\"testimonial-content\">\n\t\t\t<blockquote>\n\t\t\t\t<p>Nous mettons un point d&rsquo;honneur \u00e0 offrir les meilleurs prestations de service \u00e0 notre client\u00e8le (professionnels &amp; particuliers)<\/p>\n\t\t\t<\/blockquote>\n\t\t<\/div>\n\t\t<div class=\"testimonial-meta\">\n\t\t\t\t\t\t<div class=\"testimonial-author\">\n\t\t\t\t<strong class=\"author-name\">Cyril &amp; Jessy<\/strong>\n\t\t\t\t<div class=\"author-info\"><span class=\"company\">GarageBoat<\/span><\/div>\n\t\t\t<\/div>\n\t\t<\/div>\n\t<\/div>\n[\/vc_column][vc_column width=\u00a0\u00bb1\/12&Prime;][\/vc_column][\/vc_row][\/vc_section]<\/p>\n","protected":false},"excerpt":{"rendered":"<p>[vc_section css=\u00a0\u00bb.vc_custom_1619752633403{padding-top: 150px !important;background-color: #293035 !important;}\u00a0\u00bb][vc_row content_placement=\u00a0\u00bbbottom\u00a0\u00bb css=\u00a0\u00bb.vc_custom_1575014741811{margin-bottom: 35px !important;}\u00a0\u00bb][vc_column width=\u00a0\u00bb1\/2&Prime;][vc_custom_heading text=\u00a0\u00bbImplant\u00e9 sur le Bassin d\u2019Arcachon au coeur du port de Larros depuis 2004&Prime; font_container=\u00a0\u00bbtag:div|font_size:20px|text_align:left|color:%23ffffff|line_height:25px\u00a0\u00bb use_theme_fonts=\u00a0\u00bbyes\u00a0\u00bb][vc_empty_space height=\u00a0\u00bb20px\u00a0\u00bb][\/vc_column][vc_column width=\u00a0\u00bb1\/12&Prime;][\/vc_column][vc_column width=\u00a0\u00bb1\/3&Prime;][vc_column_text] Maintenance &#8211; Motorisation &#8211; Vente Bateaux &amp; Pi\u00e8ces d\u00e9tach\u00e9es &#8211; Neuf &amp; Occasions &#8211; R\u00e9paration &amp; Entretien &#8211; Etude &#8211; Diagnostique &#8211; \u00a0Nos services[\/vc_column_text][vc_empty_space height=\u00a0\u00bb25px\u00a0\u00bb][\/vc_column][vc_column width=\u00a0\u00bb1\/12&Prime;][\/vc_column][\/vc_row][vc_row][vc_column][vc_wp_custommenu [&hellip;]<\/p>\n","protected":false},"author":1,"featured_media":0,"parent":146,"menu_order":0,"comment_status":"closed","ping_status":"closed","template":"tmpl\/template-fullwidth.php","meta":{"footnotes":""},"class_list":["post-1638","page","type-page","status-publish","hentry"],"_links":{"self":[{"href":"https:\/\/garageboat.fr\/index.php\/wp-json\/wp\/v2\/pages\/1638","targetHints":{"allow":["GET"]}}],"collection":[{"href":"https:\/\/garageboat.fr\/index.php\/wp-json\/wp\/v2\/pages"}],"about":[{"href":"https:\/\/garageboat.fr\/index.php\/wp-json\/wp\/v2\/types\/page"}],"author":[{"embeddable":true,"href":"https:\/\/garageboat.fr\/index.php\/wp-json\/wp\/v2\/users\/1"}],"replies":[{"embeddable":true,"href":"https:\/\/garageboat.fr\/index.php\/wp-json\/wp\/v2\/comments?post=1638"}],"version-history":[{"count":6,"href":"https:\/\/garageboat.fr\/index.php\/wp-json\/wp\/v2\/pages\/1638\/revisions"}],"predecessor-version":[{"id":1797,"href":"https:\/\/garageboat.fr\/index.php\/wp-json\/wp\/v2\/pages\/1638\/revisions\/1797"}],"up":[{"embeddable":true,"href":"https:\/\/garageboat.fr\/index.php\/wp-json\/wp\/v2\/pages\/146"}],"wp:attachment":[{"href":"https:\/\/garageboat.fr\/index.php\/wp-json\/wp\/v2\/media?parent=1638"}],"curies":[{"name":"wp","href":"https:\/\/api.w.org\/{rel}","templated":true}]}}