{"id":363,"date":"2019-11-29T03:38:26","date_gmt":"2019-11-29T03:38:26","guid":{"rendered":"https:\/\/garageboat.fr\/?page_id=363"},"modified":"2021-06-16T18:15:53","modified_gmt":"2021-06-16T16:15:53","slug":"equipe","status":"publish","type":"page","link":"https:\/\/garageboat.fr\/index.php\/quisommesnous\/equipe\/","title":{"rendered":"L&rsquo;\u00e9quipe"},"content":{"rendered":"<p>[vc_section css=\u00a0\u00bb.vc_custom_1623860151146{padding-top: 150px !important;background-color: #293035 !important;}\u00a0\u00bb][vc_row content_placement=\u00a0\u00bbbottom\u00a0\u00bb css=\u00a0\u00bb.vc_custom_1575014741811{margin-bottom: 35px !important;}\u00a0\u00bb][vc_column width=\u00a0\u00bb1\/2&Prime;][vc_custom_heading text=\u00a0\u00bbImplant\u00e9 sur le Bassin d\u2019Arcachon<br \/>\nau coeur du port de Larros depuis 2004&Prime; font_container=\u00a0\u00bbtag:h2|font_size:40px|text_align:left|color:%23ffffff|line_height:44px\u00a0\u00bb use_theme_fonts=\u00a0\u00bbyes\u00a0\u00bb][vc_empty_space height=\u00a0\u00bb20px\u00a0\u00bb][\/vc_column][vc_column width=\u00a0\u00bb1\/12&Prime;][\/vc_column][vc_column width=\u00a0\u00bb1\/3&Prime;][vc_column_text]<span style=\"color: #b7b7b7;\"> Maintenance &#8211; Motorisation &#8211; Vente Bateaux &amp; Pi\u00e8ces d\u00e9tach\u00e9es &#8211; Neuf &amp; Occasions &#8211; R\u00e9paration &amp; Entretien &#8211; Etude &#8211; Diagnostique &#8211; \u00a0<a class=\"link\" style=\"color: #ffffff;\" href=\"https:\/\/garageboat.fr\/index.php\/maintenance\/\">Nos services<\/a><\/span>[\/vc_column_text][vc_empty_space height=\u00a0\u00bb25px\u00a0\u00bb][\/vc_column][vc_column width=\u00a0\u00bb1\/12&Prime;][\/vc_column][\/vc_row][vc_row][vc_column][vc_wp_custommenu nav_menu=\u00a0\u00bb41&Prime; el_class=\u00a0\u00bbcolumns-5&Prime;][vc_empty_space height=\u00a0\u00bb30px\u00a0\u00bb][\/vc_column][\/vc_row][\/vc_section][vc_section css=\u00a0\u00bb.vc_custom_1581415953058{padding-top: 80px !important;background-position: 0 0 !important;background-repeat: no-repeat !important;}\u00a0\u00bb][vc_row content_placement=\u00a0\u00bbmiddle\u00a0\u00bb css=\u00a0\u00bb.vc_custom_1619764090635{margin-right: 5% !important;margin-bottom: 30px !important;margin-left: 5% !important;padding-top: 120px !important;padding-bottom: 120px !important;background-image: url(https:\/\/garageboat.fr\/wp-content\/uploads\/2020\/01\/bg-3.jpg?id=605) !important;background-position: center !important;background-repeat: no-repeat !important;background-size: cover !important;}\u00a0\u00bb][vc_column width=\u00a0\u00bb5\/12&Prime; offset=\u00a0\u00bbvc_col-lg-6 vc_hidden-xs\u00a0\u00bb][vc_empty_space height=\u00a0\u00bb350&Prime;][\/vc_column][vc_column width=\u00a0\u00bb7\/12&Prime; offset=\u00a0\u00bbvc_col-lg-5 vc_col-md-6 vc_hidden-xs\u00a0\u00bb]\n\t<div class=\"testimonial \">\n\t\t<div class=\"testimonial-content\">\n\t\t\t<blockquote>\n\t\t\t\t<p>Notre objectif g\u00e9n\u00e9ral est de fournir des prestations de qualit\u00e9 et justes qui procurent une exp\u00e9rience positive \u00e0 nos clients.<\/p>\n\t\t\t<\/blockquote>\n\t\t<\/div>\n\t\t<div class=\"testimonial-meta\">\n\t\t\t\t\t\t<div class=\"testimonial-author\">\n\t\t\t\t<strong class=\"author-name\">Cyril &amp; Jessy<\/strong>\n\t\t\t\t<div class=\"author-info\"><span class=\"company\">GarageBoat<\/span><\/div>\n\t\t\t<\/div>\n\t\t<\/div>\n\t<\/div>\n[\/vc_column][vc_column width=\u00a0\u00bb1\/12&Prime;][\/vc_column][\/vc_row][vc_row css=\u00a0\u00bb.vc_custom_1578887573623{padding-top: 20px !important;}\u00a0\u00bb][vc_column][vc_empty_space height=\u00a0\u00bb45px\u00a0\u00bb][vc_separator][\/vc_column][\/vc_row][\/vc_section][vc_section css=\u00a0\u00bb.vc_custom_1581221259623{padding-top: 80px !important;}\u00a0\u00bb el_id=\u00a0\u00bbpeople\u00a0\u00bb][vc_row][vc_column][vc_custom_heading text=\u00a0\u00bb<strong>L&rsquo;\u00e9quipe<\/strong>\u00a0\u00bb font_container=\u00a0\u00bbtag:h2|font_size:64px|text_align:center|line_height:64px\u00a0\u00bb use_theme_fonts=\u00a0\u00bbyes\u00a0\u00bb][vc_empty_space height=\u00a0\u00bb15px\u00a0\u00bb][vc_custom_heading text=\u00a0\u00bbVenez \u00e0 la rencontre de l&rsquo;\u00e9quipe du GarageBoat,<br \/>\nde l&rsquo;entreprise de m\u00e9canique navale.\u00a0\u00bb font_container=\u00a0\u00bbtag:p|font_size:21px|text_align:center|color:%237f7f7f|line_height:26px\u00a0\u00bb use_theme_fonts=\u00a0\u00bbyes\u00a0\u00bb][vc_empty_space height=\u00a0\u00bb70px\u00a0\u00bb][\/vc_column][\/vc_row][vc_row gap=\u00a0\u00bb10&Prime; equal_height=\u00a0\u00bbyes\u00a0\u00bb][vc_column width=\u00a0\u00bb1\/5&Prime; css=\u00a0\u00bb.vc_custom_1619764999170{padding-bottom: 40px !important;}\u00a0\u00bb]\n\t<div class=\"member    has-image\">\n\t\t\n\t\t<div class=\"member-image\">\n\t\t\t<img decoding=\"async\" src=\"https:\/\/garageboat.fr\/wp-content\/uploads\/2020\/02\/p3.jpg\" alt=\"Cyril\" \/>\n\t\t<\/div>\n\t\n\t\t<div class=\"member-info\">\n\t\t\t<div class=\"member-meta\">\n\t\t\t<h3 class=\"member-name\">Cyril<\/h3><div class=\"member-subtitle\">Co-dirigeant<\/div>\n\t\t\t\n\t\t\t<\/div>\n\t\t\t<div class=\"member-desc\"><p>Le m\u00e9ticuleux, aussi discret qu\u2019efficace.<span class=\"Apple-converted-space\">\u00a0<\/span><\/p>\n<\/div>\n\t\t<\/div>\n\t<\/div>[\/vc_column][vc_column width=\u00a0\u00bb1\/5&Prime; css=\u00a0\u00bb.vc_custom_1619765022197{padding-bottom: 40px !important;}\u00a0\u00bb]\n\t<div class=\"member    has-image\">\n\t\t\n\t\t<div class=\"member-image\">\n\t\t\t<img decoding=\"async\" src=\"https:\/\/garageboat.fr\/wp-content\/uploads\/2020\/02\/p6.jpg\" alt=\"Jessy\" \/>\n\t\t<\/div>\n\t\n\t\t<div class=\"member-info\">\n\t\t\t<div class=\"member-meta\">\n\t\t\t<h3 class=\"member-name\">Jessy<\/h3><div class=\"member-subtitle\">Co-dirigeante<\/div>\n\t\t\t\n\t\t\t<\/div>\n\t\t\t<div class=\"member-desc\"><p>La pointilleuse, enthousiaste et pr\u00e9cise.<span class=\"Apple-converted-space\">\u00a0<\/span><\/p>\n<\/div>\n\t\t<\/div>\n\t<\/div>[\/vc_column][vc_column width=\u00a0\u00bb1\/5&Prime;]\n\t<div class=\"member    has-image\">\n\t\t\n\t\t<div class=\"member-image\">\n\t\t\t<img decoding=\"async\" src=\"https:\/\/garageboat.fr\/wp-content\/uploads\/2020\/02\/p11.jpg\" alt=\"Nicolas\" \/>\n\t\t<\/div>\n\t\n\t\t<div class=\"member-info\">\n\t\t\t<div class=\"member-meta\">\n\t\t\t<h3 class=\"member-name\">Nicolas<\/h3><div class=\"member-subtitle\">Expert moteur<\/div>\n\t\t\t\n\t\t\t<\/div>\n\t\t\t<div class=\"member-desc\"><p>La rel\u00e8ve, guilleret et polyvalent.<span class=\"Apple-converted-space\">\u00a0<\/span><\/p>\n<\/div>\n\t\t<\/div>\n\t<\/div>[\/vc_column][vc_column width=\u00a0\u00bb1\/5&Prime;]\n\t<div class=\"member    has-image\">\n\t\t\n\t\t<div class=\"member-image\">\n\t\t\t<img decoding=\"async\" src=\"https:\/\/garageboat.fr\/wp-content\/uploads\/2020\/02\/p5.jpg\" alt=\"Micka\u00ebl\" \/>\n\t\t<\/div>\n\t\n\t\t<div class=\"member-info\">\n\t\t\t<div class=\"member-meta\">\n\t\t\t<h3 class=\"member-name\">Micka\u00ebl<\/h3><div class=\"member-subtitle\">M\u00e9canicien<\/div>\n\t\t\t\n\t\t\t<\/div>\n\t\t\t<div class=\"member-desc\"><p>La deuxi\u00e8me rel\u00e8ve, touche \u00e0 tout et bricoleur.<\/p>\n<\/div>\n\t\t<\/div>\n\t<\/div>[\/vc_column][vc_column width=\u00a0\u00bb1\/5&Prime; css=\u00a0\u00bb.vc_custom_1619767280260{margin-top: -25px !important;}\u00a0\u00bb][vc_wp_text]<\/p>\n<p style=\"background: #94ffe5; padding: 10px; font-size: 24px; line-height: 30px; color: #7f7f7f;\">Cyril &amp; Jessy, co-dirigeants de l\u2019Atelier de M\u00e9canique Nautique GarageBoat, sont des passionn\u00e9s. Chacun avec leur savoir-faire et personnalit\u00e9, ils mettent au service de leur client\u00e8le toute leur comp\u00e9tence et expertise. Convaincu qu\u2019une entreprise est p\u00e9renne gr\u00e2ce \u00e0 son \u00e9quipe et \u00e0 sa client\u00e8le, passer leurs portes fait de vous un membre de la grande famille GarageBoat.<\/p>\n<p>[\/vc_wp_text][\/vc_column][\/vc_row][\/vc_section]<\/p>\n","protected":false},"excerpt":{"rendered":"<p>[vc_section css=\u00a0\u00bb.vc_custom_1623860151146{padding-top: 150px !important;background-color: #293035 !important;}\u00a0\u00bb][vc_row content_placement=\u00a0\u00bbbottom\u00a0\u00bb css=\u00a0\u00bb.vc_custom_1575014741811{margin-bottom: 35px !important;}\u00a0\u00bb][vc_column width=\u00a0\u00bb1\/2&Prime;][vc_custom_heading text=\u00a0\u00bbImplant\u00e9 sur le Bassin d\u2019Arcachon au coeur du port de Larros depuis 2004&Prime; font_container=\u00a0\u00bbtag:h2|font_size:40px|text_align:left|color:%23ffffff|line_height:44px\u00a0\u00bb use_theme_fonts=\u00a0\u00bbyes\u00a0\u00bb][vc_empty_space height=\u00a0\u00bb20px\u00a0\u00bb][\/vc_column][vc_column width=\u00a0\u00bb1\/12&Prime;][\/vc_column][vc_column width=\u00a0\u00bb1\/3&Prime;][vc_column_text] Maintenance &#8211; Motorisation &#8211; Vente Bateaux &amp; Pi\u00e8ces d\u00e9tach\u00e9es &#8211; Neuf &amp; Occasions &#8211; R\u00e9paration &amp; Entretien &#8211; Etude &#8211; Diagnostique &#8211; \u00a0Nos services[\/vc_column_text][vc_empty_space height=\u00a0\u00bb25px\u00a0\u00bb][\/vc_column][vc_column width=\u00a0\u00bb1\/12&Prime;][\/vc_column][\/vc_row][vc_row][vc_column][vc_wp_custommenu [&hellip;]<\/p>\n","protected":false},"author":1,"featured_media":0,"parent":142,"menu_order":0,"comment_status":"closed","ping_status":"closed","template":"tmpl\/template-fullwidth.php","meta":{"footnotes":""},"class_list":["post-363","page","type-page","status-publish","hentry"],"_links":{"self":[{"href":"https:\/\/garageboat.fr\/index.php\/wp-json\/wp\/v2\/pages\/363","targetHints":{"allow":["GET"]}}],"collection":[{"href":"https:\/\/garageboat.fr\/index.php\/wp-json\/wp\/v2\/pages"}],"about":[{"href":"https:\/\/garageboat.fr\/index.php\/wp-json\/wp\/v2\/types\/page"}],"author":[{"embeddable":true,"href":"https:\/\/garageboat.fr\/index.php\/wp-json\/wp\/v2\/users\/1"}],"replies":[{"embeddable":true,"href":"https:\/\/garageboat.fr\/index.php\/wp-json\/wp\/v2\/comments?post=363"}],"version-history":[{"count":30,"href":"https:\/\/garageboat.fr\/index.php\/wp-json\/wp\/v2\/pages\/363\/revisions"}],"predecessor-version":[{"id":1800,"href":"https:\/\/garageboat.fr\/index.php\/wp-json\/wp\/v2\/pages\/363\/revisions\/1800"}],"up":[{"embeddable":true,"href":"https:\/\/garageboat.fr\/index.php\/wp-json\/wp\/v2\/pages\/142"}],"wp:attachment":[{"href":"https:\/\/garageboat.fr\/index.php\/wp-json\/wp\/v2\/media?parent=363"}],"curies":[{"name":"wp","href":"https:\/\/api.w.org\/{rel}","templated":true}]}}